{"id":514,"date":"2017-10-21T08:44:51","date_gmt":"2017-10-21T07:44:51","guid":{"rendered":"http:\/\/droitdanslemur.be\/?page_id=514"},"modified":"2021-04-15T09:27:05","modified_gmt":"2021-04-15T08:27:05","slug":"pour-un-monde-meilleur","status":"publish","type":"page","link":"https:\/\/droitdanslemur.be\/index.php\/productions\/pour-un-monde-meilleur\/","title":{"rendered":"POUR UN MONDE MEILLEUR"},"content":{"rendered":"<div><\/div>\n<div><\/div>\n<p><center><br \/>\n<div id=\"metaslider-id-681\" style=\"width: 100%;\" class=\"ml-slider-3-20-3 metaslider metaslider-flex metaslider-681 ml-slider\">\n    <div id=\"metaslider_container_681\">\n        <div id=\"metaslider_681\">\n            <ul aria-live=\"polite\" class=\"slides\">\n                <li style=\"display: block; width: 100%;\" class=\"slide-706 ms-image\"><img src=\"https:\/\/droitdanslemur.be\/wp-content\/uploads\/2017\/10\/01-800x500.jpg\" height=\"500\" width=\"800\" alt=\"\" class=\"slider-681 slide-706\" \/><\/li>\n                <li style=\"display: none; width: 100%;\" class=\"slide-682 ms-image\"><img src=\"https:\/\/droitdanslemur.be\/wp-content\/uploads\/2017\/12\/01-800x500.jpg\" height=\"500\" width=\"800\" alt=\"\" class=\"slider-681 slide-682\" \/><\/li>\n                <li style=\"display: none; width: 100%;\" class=\"slide-683 ms-image\"><img src=\"https:\/\/droitdanslemur.be\/wp-content\/uploads\/2017\/12\/02-800x500.jpg\" height=\"500\" width=\"800\" alt=\"\" class=\"slider-681 slide-683\" \/><\/li>\n                <li style=\"display: none; width: 100%;\" class=\"slide-684 ms-image\"><img src=\"https:\/\/droitdanslemur.be\/wp-content\/uploads\/2017\/12\/03-800x500.jpg\" height=\"500\" width=\"800\" alt=\"\" class=\"slider-681 slide-684\" \/><\/li>\n                <li style=\"display: none; width: 100%;\" class=\"slide-685 ms-image\"><img src=\"https:\/\/droitdanslemur.be\/wp-content\/uploads\/2017\/12\/04-800x500.jpg\" height=\"500\" width=\"800\" alt=\"\" class=\"slider-681 slide-685\" \/><\/li>\n                <li style=\"display: none; width: 100%;\" class=\"slide-686 ms-image\"><img src=\"https:\/\/droitdanslemur.be\/wp-content\/uploads\/2017\/12\/05-800x500.jpg\" height=\"500\" width=\"800\" alt=\"\" class=\"slider-681 slide-686\" \/><\/li>\n                <li style=\"display: none; width: 100%;\" class=\"slide-687 ms-image\"><img src=\"https:\/\/droitdanslemur.be\/wp-content\/uploads\/2017\/12\/06-800x500.jpg\" height=\"500\" width=\"800\" alt=\"\" class=\"slider-681 slide-687\" \/><\/li>\n                <li style=\"display: none; width: 100%;\" class=\"slide-688 ms-image\"><img src=\"https:\/\/droitdanslemur.be\/wp-content\/uploads\/2017\/12\/07-800x500.jpg\" height=\"500\" width=\"800\" alt=\"\" class=\"slider-681 slide-688\" \/><\/li>\n                <li style=\"display: none; width: 100%;\" class=\"slide-689 ms-image\"><img src=\"https:\/\/droitdanslemur.be\/wp-content\/uploads\/2017\/12\/08-800x500.jpg\" height=\"500\" width=\"800\" alt=\"\" class=\"slider-681 slide-689\" \/><\/li>\n                <li style=\"display: none; width: 100%;\" class=\"slide-690 ms-image\"><img src=\"https:\/\/droitdanslemur.be\/wp-content\/uploads\/2017\/12\/09-800x500.jpg\" height=\"500\" width=\"800\" alt=\"\" class=\"slider-681 slide-690\" \/><\/li>\n                <li style=\"display: none; width: 100%;\" class=\"slide-691 ms-image\"><img src=\"https:\/\/droitdanslemur.be\/wp-content\/uploads\/2017\/12\/10-800x500.jpg\" height=\"500\" width=\"800\" alt=\"\" class=\"slider-681 slide-691\" \/><\/li>\n            <\/ul>\n        <\/div>\n        \n    <\/div>\n<\/div>\u00a0<\/center><\/p>\n<div id=\"magicdomid21\" class=\"\"><span class=\"author-a-z78zz78zz73znneez77z0z76zz79zeu2z84zq\" style=\"color: #ffffff;\">\u00ab\u00a0Le premier jour, il y eu le big bang. Des flammes jaillirent du n\u00e9ant, et \u00e0 toute vitesse l&rsquo;univers se forma. Le deuxi\u00e8me jour, apr\u00e8s des conflits gazeux d&rsquo;une rare violence, l&rsquo;eau arriva sur la Terre et la recouvrit \u00e0 80 %. Le Troisi\u00e8me jour, des \u00eatres unicellulaires se form\u00e8rent. Ils \u00e9taient si minuscules qu&rsquo;aucun \u0153il ne les pouvait distinguer. Par chance, il n&rsquo;y avait pas le moindre \u0153il sur la plan\u00e8te.\u00a0<\/span><\/div>\n<div id=\"magicdomid22\" class=\"\"><span style=\"color: #ffffff;\"><span class=\"author-a-z78zz78zz73znneez77z0z76zz79zeu2z84zq\">Le quatri\u00e8me jour, des dinosaures \u00e0 grosses pattes \u00e9crasaien<\/span><span class=\"author-a-z78z6z87zhaz68zz69zo7z67zz79zz83zdxm7\">t le sol de leur d\u00e9marche pataude<\/span><span class=\"author-a-z78zz78zz73znneez77z0z76zz79zeu2z84zq\">. Le cinqui\u00e8me jour, une com\u00e8te s&rsquo;\u00e9crasa sur la Terre, les dinosaures moururent dans d&rsquo;atroces souffrances, et la Terre connu un hiver qui dura toute la journ\u00e9e.\u00a0<\/span><\/span><\/div>\n<div id=\"magicdomid23\" class=\"\"><span class=\"author-a-z78zz78zz73znneez77z0z76zz79zeu2z84zq\" style=\"color: #ffffff;\">Le sixi\u00e8me jour, une ribambelle d&rsquo;autres bestioles apparurent : \u00e0 \u00e9cailles, \u00e0 plumes, \u00e0 poils. Et le soir du sixi\u00e8me jour, l&rsquo;animal \u00e0 poil, \u00e0 deux pattes et au pouce pr\u00e9henseur d\u00e9cida de mettre des v\u00eatements pour avoir moins froid. Cons\u00e9cutivement il inventa la roue, la poudre puis la bombe atomique.\u00a0<\/span><\/div>\n<div id=\"magicdomid24\" class=\"\"><span class=\"author-a-z78zz78zz73znneez77z0z76zz79zeu2z84zq\" style=\"color: #ffffff;\">A minuit avec toutes les conneries qu&rsquo;il avait invent\u00e9, il provoqua le d\u00e9luge. L&rsquo;\u00e9t\u00e9 cuisant dura une heure. Et vers 1h du matin au septi\u00e8me jour, les derniers survivants se r\u00e9unissaient dans la salle du Th\u00e9\u00e2tre Machin, qui \u00e9tait rest\u00e9 sur pied par on ne sait quel miracle.\u00a0\u00bb<\/span><\/div>\n<p>&nbsp;<\/p>\n<p><span style=\"color: #ffffff;\"><strong>Equipe:<\/strong><\/span><\/p>\n<p><span style=\"color: #ffffff;\">Interpr\u00e9tation, \u00e9criture, mise-en-sc\u00e8ne : Emilienne Tempels<\/span><br \/>\n<span style=\"color: #ffffff;\">Violoncelle : Ma\u00eft\u00e9 Leuridan<\/span><br \/>\n<span style=\"color: #ffffff;\">Composition musicale: Laurent Plumhans<\/span><br \/>\n<span style=\"color: #ffffff;\">Costumes: Marie Collette<\/span><br \/>\n<span style=\"color: #ffffff;\">Cr\u00e9ation Lumi\u00e8res: Beno\u00eet Lavalard et Christophe Van Hove<\/span><br \/>\n<span style=\"color: #ffffff;\">Dispositif technique: <a style=\"color: #ffffff;\" href=\"http:\/\/velom2.be\">velom2.be<\/a><\/span><\/p>\n<p>&nbsp;<\/p>\n<p><span style=\"color: #ffffff;\"><strong>Remerciements : <\/strong><\/span><\/p>\n<p><span style=\"color: #ffffff;\">Virgnie Gardin, Caroline Kempeneers, Ana\u00efs Moreau, Flavia Passigli, Britt Roger-Sas, Murielle Texier<\/span><\/p>\n<p>&nbsp;<\/p>\n<p><span style=\"color: #ffffff;\"><strong>Soutiens et partenaires :<\/strong><\/span><\/p>\n<p><span style=\"color: #ffffff;\"><a style=\"color: #ffffff;\" href=\"http:\/\/lookinout.be\/projets\/oraison-pour-un-monde-meilleur\" target=\"_blank\" rel=\"noopener\">LookIN&rsquo;OUT <\/a>(le 30 nov 2017 au Bamp), <a style=\"color: #ffffff;\" href=\"http:\/\/festivalgameovaires.blogspot.be\/\">Game Ovaires<\/a> (le 3 d\u00e9c 17 \u00e0 18h30 Maison des Cultures), <a style=\"color: #ffffff;\" href=\"http:\/\/www.lafabrique.be\/\">La Fabrique de Th\u00e9\u00e2tre<\/a> (Le 7 d\u00e9c. 17 \u00e0 Frameries).<\/span><\/p>\n<p><span style=\"color: #ffffff;\"><strong>Contact :<\/strong> emilienne (at) droitdanslemur.be<\/span><\/p>\n","protected":false},"excerpt":{"rendered":"<p>\u00a0 \u00ab\u00a0Le premier jour, il y eu le big bang. Des flammes jaillirent du n\u00e9ant, et \u00e0 toute vitesse l&rsquo;univers se forma. Le deuxi\u00e8me jour, apr\u00e8s des conflits gazeux d&rsquo;une rare violence, l&rsquo;eau arriva sur la Terre et la recouvrit \u00e0 80 %. Le Troisi\u00e8me jour, des \u00eatres unicellulaires se form\u00e8rent. Ils \u00e9taient si minuscules [&hellip;]<\/p>\n","protected":false},"author":1,"featured_media":0,"parent":38,"menu_order":0,"comment_status":"closed","ping_status":"closed","template":"","meta":[],"_links":{"self":[{"href":"https:\/\/droitdanslemur.be\/index.php\/wp-json\/wp\/v2\/pages\/514"}],"collection":[{"href":"https:\/\/droitdanslemur.be\/index.php\/wp-json\/wp\/v2\/pages"}],"about":[{"href":"https:\/\/droitdanslemur.be\/index.php\/wp-json\/wp\/v2\/types\/page"}],"author":[{"embeddable":true,"href":"https:\/\/droitdanslemur.be\/index.php\/wp-json\/wp\/v2\/users\/1"}],"replies":[{"embeddable":true,"href":"https:\/\/droitdanslemur.be\/index.php\/wp-json\/wp\/v2\/comments?post=514"}],"version-history":[{"count":15,"href":"https:\/\/droitdanslemur.be\/index.php\/wp-json\/wp\/v2\/pages\/514\/revisions"}],"predecessor-version":[{"id":919,"href":"https:\/\/droitdanslemur.be\/index.php\/wp-json\/wp\/v2\/pages\/514\/revisions\/919"}],"up":[{"embeddable":true,"href":"https:\/\/droitdanslemur.be\/index.php\/wp-json\/wp\/v2\/pages\/38"}],"wp:attachment":[{"href":"https:\/\/droitdanslemur.be\/index.php\/wp-json\/wp\/v2\/media?parent=514"}],"curies":[{"name":"wp","href":"https:\/\/api.w.org\/{rel}","templated":true}]}}