{"id":280,"date":"2016-02-01T16:56:47","date_gmt":"2016-02-01T14:56:47","guid":{"rendered":"http:\/\/droitdanslemur.be\/?page_id=280"},"modified":"2026-01-14T11:22:41","modified_gmt":"2026-01-14T09:22:41","slug":"agenda","status":"publish","type":"page","link":"https:\/\/droitdanslemur.be\/index.php\/agenda\/","title":{"rendered":"AGENDA"},"content":{"rendered":"\n<div class=\"wp-block-columns\">\n<div class=\"wp-block-column\">\n<p><\/p>\n\n\n\n<p><meta charset=\"utf-8\"><span class=\"has-inline-color has-pale-cyan-blue-color\"><a href=\"http:\/\/droitdanslemur.be\/wp-admin\/post.php?post=1506&amp;action=edit\"><strong>CARR\u00c9S BLANCS, petits, grands &amp; arcs-en-ciel<\/strong><\/a><\/span><br><span class=\"has-inline-color has-white-color\">Laur\u00e9at ARTCENA 2022 | Festival royal de Spa <meta charset=\"utf-8\"><span class=\"has-inline-color has-white-color\">| <\/span><\/span><\/p>\n\n\n\n<p><\/p>\n\n\n\n<p class=\"has-white-color has-text-color\">Nos prochaines dates !<br><br>21 f\u00e9vrier <\/p>\n\n\n\n<p><a href=\"https:\/\/www.centrecultureldemouscron.be\/project\/carres-blancs-petits-grands-arcs-en-ciel-25-26\/\">https:\/\/www.centrecultureldemouscron.be\/project\/carres-blancs-petits-grands-arcs-en-ciel-25-26\/<\/a><\/p>\n\n\n\n<p class=\"has-white-color has-text-color\">24 f\u00e9vrier&nbsp;<\/p>\n\n\n\n<p><a href=\"https:\/\/mcath.be\/evenement\/carres-blancs-petits-grands-arc-en-ciel\/\">https:\/\/mcath.be\/evenement\/carres-blancs-petits-grands-arc-en-ciel\/<\/a><\/p>\n\n\n\n<p class=\"has-white-color has-text-color\">25 f\u00e9vrier&nbsp;<\/p>\n\n\n\n<p><a href=\"https:\/\/centrecultureldehuy.be\/agenda\/carres-blancs-petits-grands-arcs-en-ciel\/\">https:\/\/centrecultureldehuy.be\/agenda\/carres-blancs-petits-grands-arcs-en-ciel\/<\/a><\/p>\n\n\n\n<p class=\"has-white-color has-text-color\">2 juin\u00a0<\/p>\n\n\n\n<p><a href=\"https:\/\/maison-culture-arlon.be\/event\/carres-blancs-petits-grands-arc-en-ciel\/\">https:\/\/maison-culture-arlon.be\/event\/carres-blancs-petits-grands-arc-en-ciel\/<\/a><\/p>\n\n\n\n<p><span class=\"has-inline-color has-white-color\"><span class=\"has-inline-color has-white-color\">Ecrit<\/span> et mis en sc\u00e8ne par Laurent Plumhans <meta charset=\"utf-8\"><span class=\"has-inline-color has-white-color\">|<\/span> <\/span><\/p>\n\n\n\n<p><span class=\"has-inline-color has-white-color\">10-14 Ao\u00fbt 2024<\/span>                    <\/p>\n\n\n\n<p><span class=\"has-inline-color has-white-color\">Une cr\u00e9ation DROITDANSLEMUR, produite en coproduction avec le Festival royal de Spa, <\/span><\/p>\n\n\n\n<p><span class=\"has-inline-color has-white-color\">DC&amp;J Cr\u00e9ation, Inver Tax Shelter et le soutien de la F\u00e9d\u00e9ration Wallonie-Bruxelles &#8211; service th\u00e9\u00e2tre. <\/span><\/p>\n\n\n\n<p><\/p>\n\n\n\n<p><strong><a href=\"http:\/\/droitdanslemur.be\/index.php\/playoff-2023\/\">SUBSTITUT<\/a><\/strong><br><span class=\"has-inline-color has-white-color\">Cr\u00e9ation |&nbsp;Th\u00e9\u00e2tre de la Vie<\/span><br><span class=\"has-inline-color has-white-color\">Du 7 au 18 novembre 2023<br><\/span><\/p>\n\n\n\n<p><a href=\"http:\/\/droitdanslemur.be\/index.php\/ne-pas-mourir-etre-frappe-fiction-radiophonique\/\"><strong>NE PAS MOURIR \u00caTRE FRAPP\u00c9<\/strong><\/a>&nbsp;<br><span class=\"has-inline-color has-white-color\">Laur\u00e9at Fonds&nbsp;Gulliver&nbsp;2022 (BE |  CH) <meta charset=\"utf-8\"><span class=\"has-inline-color has-white-color\">|<\/span> Ecrit par Laurent Plumhans et r\u00e9alis\u00e9 par Emilie Mar\u00e9chal<br><span class=\"has-inline-color has-white-color\">Fiction radiophonique<\/span> | Par Ou\u00ef-dire RTBF<br>Dates de diffusion en cours<\/span><\/p>\n\n\n\n<p><span class=\"has-inline-color has-pale-cyan-blue-color\"><a href=\"http:\/\/droitdanslemur.be\/wp-admin\/post.php?post=1506&amp;action=edit\"><strong>CARR\u00c9S BLANCS, petits, grands &amp; arcs-en-ciel<\/strong><\/a><\/span><br><span class=\"has-inline-color has-white-color\">Laur\u00e9at ARTCENA 2022 | Litt\u00e9rature dramatique (FR)<br>Lecture publique | SACD (BE)<br>26 mai 2023<\/span><\/p>\n\n\n\n<p><a href=\"http:\/\/droitdanslemur.be\/index.php\/carres-blancs-petits-grands-arcs-en-ciel\/\"><strong><span class=\"has-inline-color has-pale-cyan-blue-color\"><\/span><\/strong><\/a><strong><a href=\"http:\/\/droitdanslemur.be\/wp-admin\/post.php?post=1506&amp;action=edit\"><strong><span class=\"has-inline-color has-pale-cyan-blue-color\"><\/span><\/strong><\/a><strong><a href=\"http:\/\/droitdanslemur.be\/wp-admin\/post.php?post=1506&amp;action=edit\"><strong>CARR\u00c9S BLANCS, petits, grands &amp; arcs-en-ciel<\/strong><\/a><\/strong><\/strong><br><span class=\"has-inline-color has-white-color\">Laur\u00e9at ARTCENA 2022 | Litt\u00e9rature dramatique (FR)<br>Lecture publique | Festival de Spa (BE)<br>13 ao\u00fbt 2022 <\/span><\/p>\n\n\n\n<p><span class=\"has-inline-color has-white-color\"><a href=\"http:\/\/droitdanslemur.be\/index.php\/productions\/productions-belgium-remix-ou-jai-ete-eduque-de-maniere-autoritaire-francophile\/\"><strong>J&rsquo;AI \u00c9T\u00c9 \u00c9DUQU\u00c9 DE MANI\u00c8RE AUTORITAIRE &amp; FRANCOPHILE <\/strong><\/a><\/span><br><span class=\"has-inline-color has-white-color\">Laur\u00e9at ARTCENA 2019 | Encouragements (FR)<br>Cr\u00e9ation Th\u00e9\u00e2tre Marni (BE)<br>26 avril au 4 mai 2022<\/span><\/p>\n\n\n\n<p><a href=\"http:\/\/droitdanslemur.be\/index.php\/productions\/productions-belgium-remix-ou-jai-ete-eduque-de-maniere-autoritaire-francophile\/\"><strong>J&rsquo;AI \u00c9T\u00c9 \u00c9DUQU\u00c9 DE MANI\u00c8RE AUTORITAIRE &amp; FRANCOPHILE<\/strong><\/a><br><span class=\"has-inline-color has-white-color\">Laur\u00e9at ARTCENA 2019 |&nbsp;Encouragements (FR)<br>\u00c9tape de travail | Th\u00e9\u00e2tre Marni (BE)<br>25 et 26 mars 2021<\/span><\/p>\n\n\n\n<p><a href=\"http:\/\/droitdanslemur.be\/index.php\/productions\/productions-belgium-remix-ou-jai-ete-eduque-de-maniere-autoritaire-francophile\/\"><strong>J&rsquo;AI \u00c9T\u00c9 \u00c9DUQU\u00c9 DE MANI\u00c8RE AUTORITAIRE &amp; FRANCOPHILE<\/strong><\/a>&nbsp;<br><span class=\"has-inline-color has-white-color\">Laur\u00e9at ARTCENA 2019 | Encouragements (FR)<br>\u00c9tape de travail | Fabrique de Th\u00e9\u00e2tre (BE)<br>20 f\u00e9vrier 2020<\/span><\/p>\n\n\n\n<p><a href=\"http:\/\/droitdanslemur.be\/index.php\/ne-pas-mourir-etre-frappe-fiction-radiophonique\/\"><strong>NE PAS MOURIR \u00caTRE FRAPP\u00c9<\/strong><\/a>&nbsp; <br><span class=\"has-inline-color has-white-color\">Laur\u00e9at Fonds Gulliver 2022 (BE |<\/span> <span class=\"has-inline-color has-white-color\">CH)<br>Lecture publique | La Bellone  <br>12 f\u00e9vrier 2020<\/span><\/p>\n\n\n\n<p><a href=\"http:\/\/droitdanslemur.be\/index.php\/productions\/yvan-else-bank-of-god\/\"><strong>YVAN &amp; ELSE BANK OF GOD<\/strong><\/a> <br><span class=\"has-inline-color has-white-color\">Diffusion | Avignon Off (FR)<\/span><br><span class=\"has-inline-color has-white-color\">La Manufacture <br>5 au 25 juillet | 9 July in English<\/span><\/p>\n\n\n\n<p><a href=\"http:\/\/droitdanslemur.be\/index.php\/productions\/yvan-else-bank-of-god\/\"><\/a><strong><a href=\"http:\/\/droitdanslemur.be\/index.php\/productions\/yvan-else-bank-of-god\/\"><strong>YVAN &amp; ELSE BANK OF GOD<\/strong><\/a><\/strong><br><span class=\"has-inline-color has-white-color\">Cr\u00e9ation | Th\u00e9\u00e2tre Po\u00e8me 2 <br>12 au 30 septembre 2018 | tous les jeudis en anglais<\/span><\/p>\n\n\n\n<p><strong><a href=\"http:\/\/droitdanslemur.be\/wp-admin\/post.php?post=1487&amp;action=edit\">IN MEMORIAM<\/a>&nbsp;<\/strong><br><span class=\"has-inline-color has-white-color\">Concert musiques de sc\u00e8ne | Th\u00e9\u00e2tre Po\u00e8me 2<br>26 septembre 2018<\/span><\/p>\n\n\n\n<p><a href=\"http:\/\/droitdanslemur.be\/index.php\/productions\/bruxelles-2050\/\"><strong>Bruxelles 2050<\/strong><\/a>&nbsp;<br><span class=\"has-inline-color has-white-color\">Diffusion | 48FM  <br>21 avril 2018<\/span><\/p>\n\n\n\n<p><a href=\"http:\/\/droitdanslemur.be\/index.php\/productions\/bruxelles-2050\/\"><strong>Bruxelles 2050<\/strong><\/a>&nbsp;<br><span class=\"has-inline-color has-white-color\">Diffusion | Radio Octopus (FR)<br>15 mars 2018<\/span><\/p>\n\n\n\n<p><a href=\"http:\/\/droitdanslemur.be\/index.php\/productions\/bruxelles-2050\/\"><strong>Bruxelles 2050<\/strong><\/a> <br><span class=\"has-inline-color has-white-color\">\u00c9coute publique | l&rsquo;Eau Chaude <br>23 f\u00e9vrier 2018<\/span><\/p>\n\n\n\n<p><a href=\"http:\/\/droitdanslemur.be\/index.php\/productions\/bruxelles-2050\/\"><strong>Bruxelles 2050<\/strong><\/a>&nbsp;<br><span class=\"has-inline-color has-white-color\">Diffusion | Radio Saint-Affrique&nbsp;(FR)<br>19 et 23 f\u00e9vrier 2018<\/span><\/p>\n\n\n\n<p><\/p>\n\n\n\n<p><a href=\"http:\/\/droitdanslemur.be\/index.php\/productions\/bruxelles-2050\/\"><strong>Bruxelles 2050<\/strong><\/a>&nbsp;<br><span class=\"has-inline-color has-white-color\">Diffusion | Radio Campus Lille&nbsp;(FR) 09 f\u00e9vrier 2018<\/span><\/p>\n\n\n\n<p><a href=\"http:\/\/droitdanslemur.be\/index.php\/productions\/bruxelles-2050\/\"><strong>Bruxelles 2050<\/strong><\/a>&nbsp;<br><span class=\"has-inline-color has-white-color\">Diffusion | Radio Campus  <br>22 et 25 janvier 2018<\/span><\/p>\n\n\n\n<p><\/p>\n\n\n\n<p><a href=\"http:\/\/droitdanslemur.be\/index.php\/productions\/bruxelles-2050\/\"><strong>Bruxelles 2050<\/strong><\/a>&nbsp;<br><span class=\"has-inline-color has-white-color\">Diffusion | Radio Ara (LUX) <br>08 janvier 2018<\/span><\/p>\n\n\n\n<p><a href=\"http:\/\/droitdanslemur.be\/index.php\/productions\/bruxelles-2050\/\"><strong>Bruxelles 2050<\/strong><\/a>&nbsp;<br><span class=\"has-inline-color has-white-color\">Diffusion | Radio Alma  <br>04 janvier 2018<\/span><\/p>\n\n\n\n<p><a href=\"http:\/\/droitdanslemur.be\/index.php\/productions\/pour-un-monde-meilleur\/\"><strong>Pour un Monde Meilleur<\/strong><\/a>&nbsp;<br><span class=\"has-inline-color has-white-color\">\u00c9tape de travail |&nbsp;Fabrique de th\u00e9\u00e2tre <br>07 d\u00e9cembre 2017<\/span><\/p>\n\n\n\n<p><a href=\"http:\/\/droitdanslemur.be\/index.php\/productions\/pour-un-monde-meilleur\/\"><strong>Pour un Monde Meilleur<\/strong><\/a>&nbsp;<br><span class=\"has-inline-color has-white-color\">\u00c9tape de travail |&nbsp;Game Ovaires&nbsp;<br>03 d\u00e9cembre 2017<\/span><\/p>\n\n\n\n<p><a href=\"http:\/\/droitdanslemur.be\/index.php\/productions\/pour-un-monde-meilleur\/\"><strong>Pour un Monde Meilleur<\/strong><\/a>&nbsp; <br><span class=\"has-inline-color has-white-color\">\u00c9tape de travail | Look&rsquo;INOUT<br>30 novembre 2017<\/span><\/p>\n\n\n\n<p><a href=\"http:\/\/droitdanslemur.be\/index.php\/productions\/bruxelles-2050\/\"><strong>Bruxelles 2050<\/strong><\/a>&nbsp;<br><span class=\"has-inline-color has-white-color\">Diffusion | Radio Panik&nbsp; <br>07 et 24 novembre 2017<\/span><\/p>\n\n\n\n<p><\/p>\n\n\n\n<p><a href=\"http:\/\/droitdanslemur.be\/index.php\/nos-spectacles-2\/cest-quand-la-delivrance-2\/\"><strong>C&rsquo;est quand la d\u00e9livrance ?<\/strong><\/a> <br><span class=\"has-inline-color has-white-color\">Diffusion | Th\u00e9\u00e2tre de Li\u00e8ge  Festival Emulation <br>4 au 29 avril 2017<\/span><\/p>\n\n\n\n<p><a href=\"http:\/\/droitdanslemur.be\/index.php\/nos-spectacles-2\/que-reste-t-il-des-vivants\/\"><strong>Que reste-t-il des vivants ?<\/strong><\/a> <br><span class=\"has-inline-color has-white-color\">Diffusion | Fabrique de Th\u00e9\u00e2tre <br>28 mars 2017<\/span><\/p>\n\n\n\n<p><a href=\"http:\/\/droitdanslemur.be\/index.php\/nos-spectacles-2\/que-reste-t-il-des-vivants\/\"><strong>Que reste-t-il des vivants ?<\/strong><\/a> <br><span class=\"has-inline-color has-white-color\">Cr\u00e9ation | Th\u00e9\u00e2tre de la Vie <\/span><br><span class=\"has-inline-color has-white-color\">14 au 25 f\u00e9vrier 2017<\/span><\/p>\n\n\n\n<p><a href=\"http:\/\/droitdanslemur.be\/index.php\/nos-spectacles-2\/cest-quand-la-delivrance-2\/\"><strong>C&rsquo;est quand la d\u00e9livrance ?<\/strong><\/a> <br><span class=\"has-inline-color has-white-color\">Diffusion | CC Sprimont <br>21 octobre 2017<\/span><\/p>\n\n\n\n<p><a href=\"http:\/\/droitdanslemur.be\/index.php\/nos-spectacles-2\/cest-quand-la-delivrance-2\/\"><strong>C&rsquo;est quand la d\u00e9livrance ?<\/strong><\/a> <br><span class=\"has-inline-color has-white-color\">Diffusion | La Venerie<br>10 au 12 octobre 2016<\/span><\/p>\n\n\n\n<p><a href=\"http:\/\/droitdanslemur.be\/index.php\/nos-spectacles-2\/cest-quand-la-delivrance-2\/\"><strong>C&rsquo;est quand la d\u00e9livrance ?<\/strong><\/a> <br><span class=\"has-inline-color has-white-color\">Diffusion | Espace Senghor <\/span><br><span class=\"has-inline-color has-white-color\">21 et 22 octobre 2016<\/span><\/p>\n\n\n\n<p><a href=\"http:\/\/droitdanslemur.be\/index.php\/nos-spectacles-2\/cest-quand-la-delivrance-2\/\"><strong>C&rsquo;est quand la d\u00e9livrance ?<\/strong><\/a>  <br><span class=\"has-inline-color has-white-color\">Pr\u00e9diffusion | Festival ProPulse <br>3 f\u00e9vrier 2016<\/span><\/p>\n\n\n\n<p><a href=\"http:\/\/droitdanslemur.be\/index.php\/nos-spectacles-2\/que-reste-t-il-des-vivants\/\"><strong>Que reste-t-il des vivants ?<\/strong><\/a> <br><span class=\"has-inline-color has-white-color\">\u00c9tape de travail | Fabrique de Th\u00e9\u00e2tre | MONS 2015<br>11 d\u00e9cembre 2015<\/span><\/p>\n\n\n\n<p><a href=\"http:\/\/droitdanslemur.be\/index.php\/nos-spectacles-2\/cest-quand-la-delivrance-2\/\"><strong>C&rsquo;est quand la d\u00e9livrance ?<\/strong><\/a> <span class=\"has-inline-color has-white-color\">Cr\u00e9ation | Th\u00e9\u00e2tre Le Public<br>13 au 24 octobre 2015<\/span><\/p>\n<\/div>\n<\/div>\n\n\n\n<p><\/p>\n","protected":false},"excerpt":{"rendered":"<p>CARR\u00c9S BLANCS, petits, grands &amp; arcs-en-cielLaur\u00e9at ARTCENA 2022 | Festival royal de Spa | Nos prochaines dates ! 21 f\u00e9vrier https:\/\/www.centrecultureldemouscron.be\/project\/carres-blancs-petits-grands-arcs-en-ciel-25-26\/ 24 f\u00e9vrier&nbsp; https:\/\/mcath.be\/evenement\/carres-blancs-petits-grands-arc-en-ciel\/ 25 f\u00e9vrier&nbsp; https:\/\/centrecultureldehuy.be\/agenda\/carres-blancs-petits-grands-arcs-en-ciel\/ 2 juin\u00a0 https:\/\/maison-culture-arlon.be\/event\/carres-blancs-petits-grands-arc-en-ciel\/ Ecrit et mis en sc\u00e8ne par Laurent Plumhans | 10-14 Ao\u00fbt 2024 Une cr\u00e9ation DROITDANSLEMUR, produite en coproduction avec le Festival royal de Spa, DC&amp;J [&hellip;]<\/p>\n","protected":false},"author":1,"featured_media":0,"parent":0,"menu_order":0,"comment_status":"closed","ping_status":"closed","template":"","meta":[],"_links":{"self":[{"href":"https:\/\/droitdanslemur.be\/index.php\/wp-json\/wp\/v2\/pages\/280"}],"collection":[{"href":"https:\/\/droitdanslemur.be\/index.php\/wp-json\/wp\/v2\/pages"}],"about":[{"href":"https:\/\/droitdanslemur.be\/index.php\/wp-json\/wp\/v2\/types\/page"}],"author":[{"embeddable":true,"href":"https:\/\/droitdanslemur.be\/index.php\/wp-json\/wp\/v2\/users\/1"}],"replies":[{"embeddable":true,"href":"https:\/\/droitdanslemur.be\/index.php\/wp-json\/wp\/v2\/comments?post=280"}],"version-history":[{"count":95,"href":"https:\/\/droitdanslemur.be\/index.php\/wp-json\/wp\/v2\/pages\/280\/revisions"}],"predecessor-version":[{"id":1865,"href":"https:\/\/droitdanslemur.be\/index.php\/wp-json\/wp\/v2\/pages\/280\/revisions\/1865"}],"wp:attachment":[{"href":"https:\/\/droitdanslemur.be\/index.php\/wp-json\/wp\/v2\/media?parent=280"}],"curies":[{"name":"wp","href":"https:\/\/api.w.org\/{rel}","templated":true}]}}