{"id":1040,"date":"2021-04-15T09:23:29","date_gmt":"2021-04-15T08:23:29","guid":{"rendered":"http:\/\/droitdanslemur.be\/?page_id=1040"},"modified":"2022-10-18T14:15:22","modified_gmt":"2022-10-18T13:15:22","slug":"productions-belgium-remix-ou-jai-ete-eduque-de-maniere-autoritaire-francophile","status":"publish","type":"page","link":"https:\/\/droitdanslemur.be\/index.php\/productions\/productions-belgium-remix-ou-jai-ete-eduque-de-maniere-autoritaire-francophile\/","title":{"rendered":"J&rsquo;AI \u00c9T\u00c9 \u00c9DUQU\u00c9 DE MANI\u00c8RE AUTORITAIRE &#038; FRANCOPHILE"},"content":{"rendered":"\n<div class=\"wp-block-columns\">\n<div class=\"wp-block-column\"><\/div>\n\n\n\n<div class=\"wp-block-column\"><\/div>\n<\/div>\n\n\n\n<figure class=\"wp-block-image size-large\"><img loading=\"lazy\" width=\"1024\" height=\"725\" src=\"http:\/\/droitdanslemur.be\/wp-content\/uploads\/2022\/10\/Jai-ete-site_page-0001-1024x725.jpg\" alt=\"\" class=\"wp-image-1612\" srcset=\"https:\/\/droitdanslemur.be\/wp-content\/uploads\/2022\/10\/Jai-ete-site_page-0001-1024x725.jpg 1024w, https:\/\/droitdanslemur.be\/wp-content\/uploads\/2022\/10\/Jai-ete-site_page-0001-300x212.jpg 300w, https:\/\/droitdanslemur.be\/wp-content\/uploads\/2022\/10\/Jai-ete-site_page-0001-768x543.jpg 768w, https:\/\/droitdanslemur.be\/wp-content\/uploads\/2022\/10\/Jai-ete-site_page-0001-1536x1087.jpg 1536w, https:\/\/droitdanslemur.be\/wp-content\/uploads\/2022\/10\/Jai-ete-site_page-0001.jpg 1754w\" sizes=\"(max-width: 1024px) 100vw, 1024px\" \/><\/figure>\n\n\n\n<figure class=\"wp-block-embed is-type-video is-provider-vimeo wp-block-embed-vimeo wp-embed-aspect-16-9 wp-has-aspect-ratio\"><div class=\"wp-block-embed__wrapper\">\n<iframe loading=\"lazy\" title=\"J&#039;ai E\u0301te\u0301 E\u0301duque\u0301 De Manie\u0300re Autoritaire Et Francophile trailer.mp4\" src=\"https:\/\/player.vimeo.com\/video\/711663301?h=0a6ec58545&amp;dnt=1&amp;app_id=122963\" width=\"980\" height=\"551\" frameborder=\"0\" allow=\"autoplay; fullscreen; picture-in-picture\" allowfullscreen><\/iframe>\n<\/div><\/figure>\n","protected":false},"excerpt":{"rendered":"","protected":false},"author":3,"featured_media":1042,"parent":38,"menu_order":0,"comment_status":"closed","ping_status":"closed","template":"","meta":[],"_links":{"self":[{"href":"https:\/\/droitdanslemur.be\/index.php\/wp-json\/wp\/v2\/pages\/1040"}],"collection":[{"href":"https:\/\/droitdanslemur.be\/index.php\/wp-json\/wp\/v2\/pages"}],"about":[{"href":"https:\/\/droitdanslemur.be\/index.php\/wp-json\/wp\/v2\/types\/page"}],"author":[{"embeddable":true,"href":"https:\/\/droitdanslemur.be\/index.php\/wp-json\/wp\/v2\/users\/3"}],"replies":[{"embeddable":true,"href":"https:\/\/droitdanslemur.be\/index.php\/wp-json\/wp\/v2\/comments?post=1040"}],"version-history":[{"count":12,"href":"https:\/\/droitdanslemur.be\/index.php\/wp-json\/wp\/v2\/pages\/1040\/revisions"}],"predecessor-version":[{"id":1636,"href":"https:\/\/droitdanslemur.be\/index.php\/wp-json\/wp\/v2\/pages\/1040\/revisions\/1636"}],"up":[{"embeddable":true,"href":"https:\/\/droitdanslemur.be\/index.php\/wp-json\/wp\/v2\/pages\/38"}],"wp:featuredmedia":[{"embeddable":true,"href":"https:\/\/droitdanslemur.be\/index.php\/wp-json\/wp\/v2\/media\/1042"}],"wp:attachment":[{"href":"https:\/\/droitdanslemur.be\/index.php\/wp-json\/wp\/v2\/media?parent=1040"}],"curies":[{"name":"wp","href":"https:\/\/api.w.org\/{rel}","templated":true}]}}